{"id":100,"date":"2023-04-05T20:17:26","date_gmt":"2023-04-05T18:17:26","guid":{"rendered":"http:\/\/kingprestigegolf.com\/?page_id=100"},"modified":"2025-05-27T15:20:28","modified_gmt":"2025-05-27T13:20:28","slug":"un-tournoi-reference","status":"publish","type":"page","link":"https:\/\/kingprestigegolf.com\/index.php\/un-tournoi-reference\/","title":{"rendered":"L\u2019Open de Golf King Prestige revient pour sa 3\u1d49 \u00e9dition !"},"content":{"rendered":"\n<figure class=\"wp-block-gallery aligncenter has-nested-images columns-default is-cropped wp-block-gallery-1 is-layout-flex wp-block-gallery-is-layout-flex\">\n<figure class=\"wp-block-image size-full\"><img loading=\"lazy\" decoding=\"async\" width=\"1080\" height=\"1350\" data-id=\"429\" src=\"https:\/\/kingprestigegolf.com\/wp-content\/uploads\/2025\/04\/Samedi-14-juin-2025-Golf-dOrmesson-Publication-Instagram-45-2.png\" alt=\"\" class=\"wp-image-429\" srcset=\"https:\/\/kingprestigegolf.com\/wp-content\/uploads\/2025\/04\/Samedi-14-juin-2025-Golf-dOrmesson-Publication-Instagram-45-2.png 1080w, https:\/\/kingprestigegolf.com\/wp-content\/uploads\/2025\/04\/Samedi-14-juin-2025-Golf-dOrmesson-Publication-Instagram-45-2-240x300.png 240w, https:\/\/kingprestigegolf.com\/wp-content\/uploads\/2025\/04\/Samedi-14-juin-2025-Golf-dOrmesson-Publication-Instagram-45-2-819x1024.png 819w, https:\/\/kingprestigegolf.com\/wp-content\/uploads\/2025\/04\/Samedi-14-juin-2025-Golf-dOrmesson-Publication-Instagram-45-2-768x960.png 768w\" sizes=\"auto, (max-width: 1080px) 100vw, 1080px\" \/><\/figure>\n<\/figure>\n\n\n\n<p class=\"has-text-align-left\"><br>Fort du succ\u00e8s de ses pr\u00e9c\u00e9dentes \u00e9ditions, l\u2019Open de Golf King Prestige fait son grand retour pour une nouvelle \u00e9dition pleine de promesses ! Cet \u00e9v\u00e9nement devenu incontournable se tiendra le 14 juin 2025 sur le splendide parcours d\u2019Ormesson-sur-Marne, dans un format Stableford individuel.<\/p>\n\n\n\n<p>Organis\u00e9 en partenariat avec la section Golf de la VGA Saint-Maur, ce tournoi offre une nouvelle occasion aux passionn\u00e9s de se retrouver dans une ambiance \u00e0 la fois comp\u00e9titive et conviviale.<\/p>\n\n\n\n<p><strong>Des lots d\u2019exception pour r\u00e9compenser les performances<\/strong><br>Comme chaque ann\u00e9e, les participants auront la chance de remporter des cadeaux prestigieux : bouteilles de vin et de champagne, bons d\u2019achat, d\u00eeners gastronomiques, mat\u00e9riel de golf, s\u00e9jours de r\u00eave\u2026 Des prix seront d\u00e9cern\u00e9s selon diff\u00e9rents classements (brut et net), pour hommes et femmes.<\/p>\n\n\n\n<p><strong>Un tirage au sort ouvert \u00e0 tous<\/strong><br>M\u00eame si vous ne montez pas sur le podium, vous aurez peut-\u00eatre la chance de repartir avec un superbe cadeau gr\u00e2ce au tirage au sort, qui comprendra notamment un s\u00e9jour golfique dans l\u2019un des \u00e9tablissements du groupe Barri\u00e8re, comme ce fut le cas pour le gagnant de l\u2019an dernier.<\/p>\n\n\n\n<p><strong>Animations &amp; initiations pour tous les niveaux<\/strong><br>Que vous soyez joueur confirm\u00e9 ou simple curieux, vous pourrez profiter tout au long de la journ\u00e9e de nombreuses animations et initiations au golf, dans une ambiance d\u00e9tendue et festive.<\/p>\n\n\n\n<p><strong>Bloquez la date d\u00e8s maintenant !<\/strong><br>L\u2019Open de Golf King Prestige 2025 s\u2019annonce comme le rendez-vous golfique de l\u2019ann\u00e9e. Ne manquez pas cette journ\u00e9e exceptionnelle plac\u00e9e sous le signe du sport, du partage et du raffinement.<\/p>\n\n\n\n<p>Les participants sont invit\u00e9s \u00e0 se rapprocher de l\u2019organisateur du tournoi pour en conna\u00eetre les modalit\u00e9s et sp\u00e9cificit\u00e9s :<br>King Prestige&nbsp;:&nbsp;<a href=\"mailto:contact@king-immobilier.fr\">contact@king-immobilier.fr<\/a><\/p>\n\n\n\n<p>VGA Golf&nbsp;:&nbsp;<a href=\"mailto:golf@vga-fr.org\">golf@vga-fr.org<\/a><\/p>\n\n\n\n<p><em>PS : L\u2019organisation du tournoi ainsi que son suivi (inscriptions, droits de jeu, r\u00e8gles, arbitrage, etc.) sera enti\u00e8rement supervis\u00e9e par l\u2019administration de la section golf de la VGA Saint-Maur.<\/em><\/p>\n\n\n\n<div class=\"wp-block-buttons is-content-justification-center is-layout-flex wp-container-core-buttons-is-layout-d9cd0f1e wp-block-buttons-is-layout-flex\">\n<div class=\"wp-block-button\" id=\"<a-href=&quot;https:\/\/widget.weezevent.com\/ticket\/E1142465\/?code=72566&amp;locale=fr-FR&amp;width_auto=1&amp;color_primary=0032FA&quot;-onclick=&quot;var-w=window.open('https:\/\/widget.weezevent.com\/ticket\/E1142465\/?code=72566&amp;locale=fr-FR&amp;width_auto=1&amp;color_primary=0032FA',-'Billetterie_weezevent',-'width=650,-height=600,-top=100,-left=100,-toolbar=no,-resizable=yes,-scrollbars=yes,-status=no');-w.focus();-return-false;&quot;-style=&quot;text-decoration:-none;color:--ffffff;background:--0032fa;padding:-.4em-1em;border-radius:-5px;&quot;&gt;Acheter-vos-billets<\/a&gt;\"><a class=\"wp-block-button__link wp-element-button\" href=\"https:\/\/kingprestigegolf.com\/index.php\/inscription\/\">S&#8217;inscrire \u00e0 l&#8217;Open King Prestige<\/a><\/div>\n<\/div>\n","protected":false},"excerpt":{"rendered":"<p>Fort du succ\u00e8s de ses pr\u00e9c\u00e9dentes \u00e9ditions, l\u2019Open de Golf King Prestige fait son grand retour pour une nouvelle \u00e9dition pleine de promesses ! Cet \u00e9v\u00e9nement devenu incontournable se tiendra le 14 juin 2025 sur le splendide parcours d\u2019Ormesson-sur-Marne, dans [&hellip;]<\/p>\n","protected":false},"author":1,"featured_media":197,"parent":0,"menu_order":0,"comment_status":"closed","ping_status":"closed","template":"","meta":{"footnotes":""},"class_list":["post-100","page","type-page","status-publish","has-post-thumbnail","hentry"],"_links":{"self":[{"href":"https:\/\/kingprestigegolf.com\/index.php\/wp-json\/wp\/v2\/pages\/100","targetHints":{"allow":["GET"]}}],"collection":[{"href":"https:\/\/kingprestigegolf.com\/index.php\/wp-json\/wp\/v2\/pages"}],"about":[{"href":"https:\/\/kingprestigegolf.com\/index.php\/wp-json\/wp\/v2\/types\/page"}],"author":[{"embeddable":true,"href":"https:\/\/kingprestigegolf.com\/index.php\/wp-json\/wp\/v2\/users\/1"}],"replies":[{"embeddable":true,"href":"https:\/\/kingprestigegolf.com\/index.php\/wp-json\/wp\/v2\/comments?post=100"}],"version-history":[{"count":17,"href":"https:\/\/kingprestigegolf.com\/index.php\/wp-json\/wp\/v2\/pages\/100\/revisions"}],"predecessor-version":[{"id":435,"href":"https:\/\/kingprestigegolf.com\/index.php\/wp-json\/wp\/v2\/pages\/100\/revisions\/435"}],"wp:featuredmedia":[{"embeddable":true,"href":"https:\/\/kingprestigegolf.com\/index.php\/wp-json\/wp\/v2\/media\/197"}],"wp:attachment":[{"href":"https:\/\/kingprestigegolf.com\/index.php\/wp-json\/wp\/v2\/media?parent=100"}],"curies":[{"name":"wp","href":"https:\/\/api.w.org\/{rel}","templated":true}]}}