{"id":117,"date":"2023-04-05T20:47:22","date_gmt":"2023-04-05T18:47:22","guid":{"rendered":"http:\/\/kingprestigegolf.com\/?page_id=117"},"modified":"2025-04-07T22:36:22","modified_gmt":"2025-04-07T20:36:22","slug":"nos-partenaires","status":"publish","type":"page","link":"https:\/\/kingprestigegolf.com\/index.php\/nos-partenaires\/","title":{"rendered":"Nos partenaires"},"content":{"rendered":"\n<p><\/p>\n\n\n\n<figure class=\"wp-block-image size-full is-resized\"><img loading=\"lazy\" decoding=\"async\" width=\"752\" height=\"752\" src=\"http:\/\/kingprestigegolf.com\/wp-content\/uploads\/2023\/05\/KING-IMMO-PRESTIGE.jpg\" alt=\"\" class=\"wp-image-179\" style=\"width:200px;height:200px\" srcset=\"https:\/\/kingprestigegolf.com\/wp-content\/uploads\/2023\/05\/KING-IMMO-PRESTIGE.jpg 752w, https:\/\/kingprestigegolf.com\/wp-content\/uploads\/2023\/05\/KING-IMMO-PRESTIGE-300x300.jpg 300w, https:\/\/kingprestigegolf.com\/wp-content\/uploads\/2023\/05\/KING-IMMO-PRESTIGE-150x150.jpg 150w\" sizes=\"auto, (max-width: 752px) 100vw, 752px\" \/><\/figure>\n\n\n\n<p class=\"has-grey-color has-text-color has-larger-font-size\"><strong>King Immobilier Prestige<\/strong><\/p>\n\n\n\n<p>L\u2019entreprise KING IMMOBILIER GROUP SAS a \u00e9t\u00e9 cr\u00e9\u00e9e par un fr\u00e8re et une s\u0153ur originaires de Saint-Maur-des-Foss\u00e9s (Val-de-Marne) ayant tous les deux une large exp\u00e9rience dans diff\u00e9rents m\u00e9tiers li\u00e9s \u00e0 l\u2019immobilier et l\u2019habitat.<\/p>\n\n\n\n<p>Apr\u00e8s plusieurs ann\u00e9es et diverses exp\u00e9riences, chacun de leur c\u00f4t\u00e9, dans des activit\u00e9s aussi vari\u00e9es que la transaction dans l\u2019immobilier r\u00e9sidentiel, le courtage en pr\u00eat immobilier, la commercialisation de logements neufs, etc&nbsp;; Ils ont \u00e9t\u00e9 recrut\u00e9s l\u2019un apr\u00e8s l\u2019autre par Monsieur Guy Hoquet, fondateur du r\u00e9seau Guy Hoquet L\u2019immobilier, au sein d\u2019une nouvelle structure. Riches de cette exp\u00e9rience et convaincus que l\u2019offre actuelle des agences immobili\u00e8res ne r\u00e9pondait plus aux exigences des clients, ils ont rapidement fait le constat qu\u2019il fallait \u00e9voluer et proposer un autre mod\u00e8le.<\/p>\n\n\n\n<p>Apr\u00e8s avoir d\u00e9velopp\u00e9 une gamme en immobilier r\u00e9sidentiel classique et l\u2019ouverture de 4 agences (2 \u00e0 Saint-Maur-des-Foss\u00e9s (94), 1 \u00e0 Melun (77) et 1 agence en cours d\u2019ouverture \u00e0 Paris 15<sup>\u00e8me<\/sup>), une gamme en immobilier professionnel (King Immobilier \u2013 Entreprise &amp; Commerce), en 2021 ils ont cr\u00e9\u00e9 la marque King Immobilier Prestige pour les biens haut-de-gamme.<\/p>\n\n\n\n<p>En 2022, ils sont alors devenus partenaires immobilier exclusifs de la VGA Golf pour les accompagner dans leur d\u00e9veloppement avec l\u2019objectif de cr\u00e9er un tournoi de golf de r\u00e9f\u00e9rence pour les habitants de la ville de Saint-Maur-des-Foss\u00e9s et de ses environs.<\/p>\n\n\n\n<p>Pour en savoir plus : <a href=\"https:\/\/www.king-prestige.fr\/\" target=\"_blank\" rel=\"noreferrer noopener\">https:\/\/www.king-prestige.fr\/<\/a><\/p>\n\n\n\n<p><\/p>\n\n\n\n<figure class=\"wp-block-image size-large is-resized\"><img loading=\"lazy\" decoding=\"async\" width=\"901\" height=\"1024\" src=\"http:\/\/kingprestigegolf.com\/wp-content\/uploads\/2023\/05\/1056px-Logo_VGA_Saint-Maur_Omnisports_2019.svg_-901x1024.png\" alt=\"\" class=\"wp-image-177\" style=\"width:180px;height:200px\" srcset=\"https:\/\/kingprestigegolf.com\/wp-content\/uploads\/2023\/05\/1056px-Logo_VGA_Saint-Maur_Omnisports_2019.svg_-901x1024.png 901w, https:\/\/kingprestigegolf.com\/wp-content\/uploads\/2023\/05\/1056px-Logo_VGA_Saint-Maur_Omnisports_2019.svg_-264x300.png 264w, https:\/\/kingprestigegolf.com\/wp-content\/uploads\/2023\/05\/1056px-Logo_VGA_Saint-Maur_Omnisports_2019.svg_-768x873.png 768w, https:\/\/kingprestigegolf.com\/wp-content\/uploads\/2023\/05\/1056px-Logo_VGA_Saint-Maur_Omnisports_2019.svg_.png 1056w\" sizes=\"auto, (max-width: 901px) 100vw, 901px\" \/><\/figure>\n\n\n\n<p class=\"has-grey-color has-text-color has-larger-font-size\"><strong>VGA Saint-Maur<\/strong> <strong>&#8211; Section Golf<\/strong><\/p>\n\n\n\n<p>Cr\u00e9\u00e9e en 2018, la section Golf de la VGA Saint-Maur est pr\u00e9sid\u00e9e par Bertrand COTTINI notamment assist\u00e9 de Pierre BOTTONI ancien professionnel et professeur de golf. Elle est \u00e0 ce jour l\u2019unique association de golfeurs sur la ville de Saint-Maur-des-Foss\u00e9s qui pratiquent principalement sur le parcours d\u2019Ormesson mais aussi occasionnellement \u00e0 Ozoir-la-Ferri\u00e8re, Marolles-en-Brie, L\u00e9signy, Bussy-Saint-Georges, etc\u2026<\/p>\n\n\n\n<p>La section golf de la VGA rencontre un grand succ\u00e8s tant le nombre de pratiquants de ce sport sur la commune est important selon la F\u00e9d\u00e9ration Fran\u00e7aise de Golf, ce qui a notamment permis \u00e0 la section de doubler rapidement le nombre de ses adh\u00e9rents.<strong><\/strong><\/p>\n\n\n\n<p>Pour en savoir plus : <a href=\"https:\/\/www.vga-fr.org\/\" target=\"_blank\" rel=\"noreferrer noopener\">https:\/\/www.vga-fr.org\/<\/a><\/p>\n\n\n\n<p><\/p>\n\n\n\n<figure class=\"wp-block-image size-full is-resized\"><img loading=\"lazy\" decoding=\"async\" width=\"583\" height=\"720\" src=\"http:\/\/kingprestigegolf.com\/wp-content\/uploads\/2023\/05\/golf-dormesson-1.jpeg\" alt=\"\" class=\"wp-image-203\" style=\"width:201px;height:231px\" srcset=\"https:\/\/kingprestigegolf.com\/wp-content\/uploads\/2023\/05\/golf-dormesson-1.jpeg 583w, https:\/\/kingprestigegolf.com\/wp-content\/uploads\/2023\/05\/golf-dormesson-1-243x300.jpeg 243w\" sizes=\"auto, (max-width: 583px) 100vw, 583px\" \/><\/figure>\n\n\n\n<p class=\"has-grey-color has-text-color has-larger-font-size\"><strong>Le Golf d&#8217;Ormesson<\/strong><\/p>\n\n\n\n<p>Le Golf d\u2019Ormesson est l\u2019un des tout premiers parcours de golf construits en France par le Comte Wladimir d\u2019Ormesson d\u00e8s 1925. Il est ensuite d\u00e9truit pendant la deuxi\u00e8me guerre mondiale. Andr\u00e9 et Antonella d\u2019Ormesson, propri\u00e9taires du lieu \u00e0 cette \u00e9poque, ont fait appel \u00e0 l\u2019architecte anglais C.K Cotton en 1965 pour donner une seconde vie \u00e0 ce lieu.<\/p>\n\n\n\n<p>Le golf r\u00e9ouvre ses portes en 1969 dans un style tr\u00e8s moderne pour l\u2019\u00e9poque. Le couple donne beaucoup d\u2019importance au choix des arbres et \u00e0 leurs lieux de plantation. Ils les ont d\u2019ailleurs dispos\u00e9s en fonction des vallons et des perspectives de jeu, selon les saisons et les difficult\u00e9s du parcours. Le couple d\u2019Ormesson a opt\u00e9 pour un style d\u00e9lib\u00e9r\u00e9ment ann\u00e9es 60 qui sera certainement une r\u00e9f\u00e9rence des \u00ab&nbsp;trente glorieuses&nbsp;\u00bb.<\/p>\n\n\n\n<p>Ce lieu a gard\u00e9 son charme et son cachet. La famille d\u2019Ormesson a voulu garder les valeurs du sport, de la convivialit\u00e9 et de l\u2019entraide. Ce golf partage des instants privil\u00e9gi\u00e9s et des moments d\u2019amiti\u00e9 avec ses membres. La famille d\u00e9sire toujours accueillir, admirer les grands sportifs, susciter des vocations et encourager les d\u00e9butants. Le Golf d\u2019Ormesson est rest\u00e9 un golf familial pour le plus grand bonheur de ses membres.<\/p>\n\n\n\n<p>Le golf est g\u00e9r\u00e9 depuis le 1er janvier 2020 par Resonance Golf Collection avec la strat\u00e9gie d\u2019implanter de nouvelles perspectives de d\u00e9veloppement pour les ann\u00e9es \u00e0 venir.<\/p>\n\n\n\n<p>Pour en savoir plus : <a href=\"https:\/\/www.golformesson.com\/fr\/\" target=\"_blank\" rel=\"noreferrer noopener\">https:\/\/www.golformesson.com\/fr\/<\/a><\/p>\n\n\n\n<p><\/p>\n\n\n\n<h2 class=\"wp-block-heading has-grey-color has-text-color has-larger-font-size\"><\/h2>\n\n\n\n<p><\/p>\n\n\n\n<p><\/p>\n","protected":false},"excerpt":{"rendered":"<p>King Immobilier Prestige L\u2019entreprise KING IMMOBILIER GROUP SAS a \u00e9t\u00e9 cr\u00e9\u00e9e par un fr\u00e8re et une s\u0153ur originaires de Saint-Maur-des-Foss\u00e9s (Val-de-Marne) ayant tous les deux une large exp\u00e9rience dans diff\u00e9rents m\u00e9tiers li\u00e9s \u00e0 l\u2019immobilier et l\u2019habitat. Apr\u00e8s plusieurs ann\u00e9es et [&hellip;]<\/p>\n","protected":false},"author":1,"featured_media":0,"parent":0,"menu_order":0,"comment_status":"closed","ping_status":"closed","template":"","meta":{"footnotes":""},"class_list":["post-117","page","type-page","status-publish","hentry"],"_links":{"self":[{"href":"https:\/\/kingprestigegolf.com\/index.php\/wp-json\/wp\/v2\/pages\/117","targetHints":{"allow":["GET"]}}],"collection":[{"href":"https:\/\/kingprestigegolf.com\/index.php\/wp-json\/wp\/v2\/pages"}],"about":[{"href":"https:\/\/kingprestigegolf.com\/index.php\/wp-json\/wp\/v2\/types\/page"}],"author":[{"embeddable":true,"href":"https:\/\/kingprestigegolf.com\/index.php\/wp-json\/wp\/v2\/users\/1"}],"replies":[{"embeddable":true,"href":"https:\/\/kingprestigegolf.com\/index.php\/wp-json\/wp\/v2\/comments?post=117"}],"version-history":[{"count":6,"href":"https:\/\/kingprestigegolf.com\/index.php\/wp-json\/wp\/v2\/pages\/117\/revisions"}],"predecessor-version":[{"id":425,"href":"https:\/\/kingprestigegolf.com\/index.php\/wp-json\/wp\/v2\/pages\/117\/revisions\/425"}],"wp:attachment":[{"href":"https:\/\/kingprestigegolf.com\/index.php\/wp-json\/wp\/v2\/media?parent=117"}],"curies":[{"name":"wp","href":"https:\/\/api.w.org\/{rel}","templated":true}]}}