{"id":126,"date":"2023-04-05T21:05:36","date_gmt":"2023-04-05T19:05:36","guid":{"rendered":"http:\/\/kingprestigegolf.com\/?page_id=126"},"modified":"2025-04-24T11:00:17","modified_gmt":"2025-04-24T09:00:17","slug":"programme-de-la-journee","status":"publish","type":"page","link":"https:\/\/kingprestigegolf.com\/index.php\/programme-de-la-journee\/","title":{"rendered":"Programme"},"content":{"rendered":"<p><em>L\u2019\u00e9v\u00e8nement a pour principe de r\u00e9unir lors d\u2019une journ\u00e9e, les membres de la VGA Golf, clients\/prospects de King Immobilier Prestige ainsi que les clients\/prospects des partenaires de l\u2019\u00e9v\u00e8nement autour un tournoi amical de golf, d\u2019animations (concours de putting, etc\u2026), d\u2019initiations et de moments de convivialit\u00e9.<\/p>\n<p><\/em><\/p>\n\n\n<p class=\"has-text-align-center has-regular-font-size\">&#8211; 08h30 &#8211;<br><strong>Accueil des participants du tournoi de golf et briefing<\/strong><br><\/p>\n\n\n\n<p class=\"has-text-align-center has-regular-font-size\">&#8211; 09h00 &#8211;<br><strong>D\u00e9part de l&#8217;Open de Golf King Prestige<\/strong><br><\/p>\n\n\n\n<p class=\"has-text-align-center has-regular-font-size\">&#8211; 10h00 &#8211;<br><strong>D\u00e9marrage des animations de putting et de practice<\/strong><br><\/p>\n\n\n\n<p class=\"has-text-align-center has-regular-font-size\">&#8211; 13h00 &#8211;<br><strong>Buffet d\u00e9jeunatoire<\/strong><br><\/p>\n\n\n\n<p class=\"has-text-align-center has-regular-font-size\">&#8211; 18h00 &#8211;<br><strong>Remise des prix<\/strong><br><\/p>\n\n\n\n<p class=\"has-text-align-center has-regular-font-size\">&#8211; 19h00 &#8211;<br><strong>Cocktail de cl\u00f4ture<\/strong><br><\/p>\n\n\n\n<p class=\"has-small-font-size\"><em>Le programme est susceptible d\u2019\u00eatre modifi\u00e9<\/em><\/p>\n\n\n\n<div class=\"wp-block-buttons is-content-justification-center is-layout-flex wp-container-core-buttons-is-layout-16018d1d wp-block-buttons-is-layout-flex\">\n<div class=\"wp-block-button\"><a class=\"wp-block-button__link wp-element-button\" href=\"https:\/\/kingprestigegolf.com\/index.php\/inscription\/\">S&#8217;inscrire \u00e0 l&#8217;Open King Prestige<\/a><\/div>\n<\/div>\n","protected":false},"excerpt":{"rendered":"<p>L\u2019\u00e9v\u00e8nement a pour principe de r\u00e9unir lors d\u2019une journ\u00e9e, les membres de la VGA Golf, clients\/prospects de King Immobilier Prestige ainsi que les clients\/prospects des partenaires de l\u2019\u00e9v\u00e8nement autour un tournoi amical de golf, d\u2019animations (concours de putting, etc\u2026), d\u2019initiations [&hellip;]<\/p>\n","protected":false},"author":1,"featured_media":0,"parent":0,"menu_order":0,"comment_status":"closed","ping_status":"closed","template":"","meta":{"footnotes":""},"class_list":["post-126","page","type-page","status-publish","hentry"],"_links":{"self":[{"href":"https:\/\/kingprestigegolf.com\/index.php\/wp-json\/wp\/v2\/pages\/126","targetHints":{"allow":["GET"]}}],"collection":[{"href":"https:\/\/kingprestigegolf.com\/index.php\/wp-json\/wp\/v2\/pages"}],"about":[{"href":"https:\/\/kingprestigegolf.com\/index.php\/wp-json\/wp\/v2\/types\/page"}],"author":[{"embeddable":true,"href":"https:\/\/kingprestigegolf.com\/index.php\/wp-json\/wp\/v2\/users\/1"}],"replies":[{"embeddable":true,"href":"https:\/\/kingprestigegolf.com\/index.php\/wp-json\/wp\/v2\/comments?post=126"}],"version-history":[{"count":9,"href":"https:\/\/kingprestigegolf.com\/index.php\/wp-json\/wp\/v2\/pages\/126\/revisions"}],"predecessor-version":[{"id":427,"href":"https:\/\/kingprestigegolf.com\/index.php\/wp-json\/wp\/v2\/pages\/126\/revisions\/427"}],"wp:attachment":[{"href":"https:\/\/kingprestigegolf.com\/index.php\/wp-json\/wp\/v2\/media?parent=126"}],"curies":[{"name":"wp","href":"https:\/\/api.w.org\/{rel}","templated":true}]}}