{"id":232,"date":"2023-06-08T16:30:32","date_gmt":"2023-06-08T14:30:32","guid":{"rendered":"http:\/\/kingprestigegolf.com\/?page_id=232"},"modified":"2025-05-27T15:25:46","modified_gmt":"2025-05-27T13:25:46","slug":"dotations","status":"publish","type":"page","link":"https:\/\/kingprestigegolf.com\/index.php\/dotations\/","title":{"rendered":"Dotations"},"content":{"rendered":"\n<figure class=\"wp-block-table aligncenter\"><table><tbody><tr><td class=\"has-text-align-center\" data-align=\"center\" colspan=\"2\"><strong>Classement Brut<\/strong><\/td><\/tr><tr><td class=\"has-text-align-center\" data-align=\"center\" colspan=\"2\"><strong>1<sup>er<\/sup> Brut mixte<\/strong><\/td><\/tr><tr><td class=\"has-text-align-center\" data-align=\"center\" colspan=\"2\"><em>Troph\u00e9e Open King Prestige<\/em><\/td><\/tr><tr><td class=\"has-text-align-center\" data-align=\"center\"><strong>1<sup>er<\/sup> Brut (Homme)<\/strong><\/td><td class=\"has-text-align-center\" data-align=\"center\"><strong>1<sup>\u00e8re <\/sup>Brut (Femme)<\/strong><\/td><\/tr><tr><td class=\"has-text-align-center\" data-align=\"center\">Coupe individuelle<br><em>Bouteille de champagne &#8220;Ab\u00e9l\u00e9 1757&#8221;<br><\/em>Tapis de putting et d&#8217;entrainement &#8220;Wellputt&#8221;<\/td><td class=\"has-text-align-center\" data-align=\"center\">Coupe individuelle<br><em>Bouteille de champagne &#8220;Ab\u00e9l\u00e9 1757&#8221;<br><\/em>Tapis de putting et d&#8217;entrainement &#8220;Wellputt&#8221;t<\/td><\/tr><\/tbody><\/table><\/figure>\n\n\n\n<figure class=\"wp-block-table aligncenter\"><table><tbody><tr><td class=\"has-text-align-center\" data-align=\"center\" colspan=\"2\"><strong>Classement Net<\/strong><\/td><\/tr><tr><td class=\"has-text-align-center\" data-align=\"center\">Homme<\/td><td class=\"has-text-align-center\" data-align=\"center\">Femme<\/td><\/tr><tr><td class=\"has-text-align-center\" data-align=\"center\"><strong>S\u00e9rie 1<\/strong><\/td><td class=\"has-text-align-center\" data-align=\"center\"><strong>S\u00e9rie 1<\/strong><\/td><\/tr><tr><td class=\"has-text-align-center\" data-align=\"center\">1<sup>er<\/sup><\/td><td class=\"has-text-align-center\" data-align=\"center\">1<sup>\u00e8re<\/sup><\/td><\/tr><tr><td class=\"has-text-align-center\" data-align=\"center\"><em>Bouteille de champagne &#8220;Ab\u00e9l\u00e9 1757&#8221;<br>Parapluie Taylor Made<\/em><\/td><td class=\"has-text-align-center\" data-align=\"center\"><em><em>Bouteille de champagne &#8220;Ab\u00e9l\u00e9 1757&#8221;<\/em><br>Parapluie Taylor Made<\/em><\/td><\/tr><tr><td class=\"has-text-align-center\" data-align=\"center\">2<sup>\u00e8me<\/sup><\/td><td class=\"has-text-align-center\" data-align=\"center\">2<sup>\u00e8me<\/sup><\/td><\/tr><tr><td class=\"has-text-align-center\" data-align=\"center\"><em><em>Bouteille de champagne &#8220;Ab\u00e9l\u00e9 1757&#8221;<\/em><br>Balles de golf<\/em><\/td><td class=\"has-text-align-center\" data-align=\"center\"><em><em>Bouteille de champagne &#8220;Ab\u00e9l\u00e9 1757&#8221;<\/em><br>Balles de golf<\/em><\/td><\/tr><tr><td class=\"has-text-align-center\" data-align=\"center\"><strong>S\u00e9rie 2<\/strong><\/td><td class=\"has-text-align-center\" data-align=\"center\"><strong>S\u00e9rie 2<\/strong><\/td><\/tr><tr><td class=\"has-text-align-center\" data-align=\"center\">1<sup>er<\/sup><\/td><td class=\"has-text-align-center\" data-align=\"center\">1<sup>er<\/sup><\/td><\/tr><tr><td class=\"has-text-align-center\" data-align=\"center\"><em><em>Bouteille de champagne &#8220;Ab\u00e9l\u00e9 1757&#8221;<\/em><br>Sac \u00e0 chaussures Callaway<\/em><\/td><td class=\"has-text-align-center\" data-align=\"center\"><em>Bouteille de champagne &#8220;Ab\u00e9l\u00e9 1757&#8221;<br>Sac \u00e0 chaussures Callaway<\/em><\/td><\/tr><tr><td class=\"has-text-align-center\" data-align=\"center\">2<sup>\u00e8me<\/sup><\/td><td class=\"has-text-align-center\" data-align=\"center\">2<sup>\u00e8me<\/sup><\/td><\/tr><tr><td class=\"has-text-align-center\" data-align=\"center\"><em>Bouteille de champagne &#8220;Ab\u00e9l\u00e9 1757&#8221;<br>Balles de golf<\/em><\/td><td class=\"has-text-align-center\" data-align=\"center\"><em><em>Bouteille de champagne &#8220;Ab\u00e9l\u00e9 1757&#8221;<\/em><br>Balles de golf<\/em><\/td><\/tr><tr><td class=\"has-text-align-center\" data-align=\"center\"><strong>S\u00e9rie 3<\/strong><\/td><td class=\"has-text-align-center\" data-align=\"center\"><strong>S\u00e9rie 3<\/strong><\/td><\/tr><tr><td class=\"has-text-align-center\" data-align=\"center\">1<sup>er<\/sup><\/td><td class=\"has-text-align-center\" data-align=\"center\">1<sup>er<\/sup><\/td><\/tr><tr><td class=\"has-text-align-center\" data-align=\"center\"><em><em>Bouteille de champagne &#8220;Ab\u00e9l\u00e9 1757&#8221;<\/em><br>Bon d\u2019achat 20\u20ac<\/em><\/td><td class=\"has-text-align-center\" data-align=\"center\"><em>Bouteille de champagne &#8220;Ab\u00e9l\u00e9 1757&#8221;<br>Bon d\u2019achat 20\u20ac<\/em><\/td><\/tr><tr><td class=\"has-text-align-center\" data-align=\"center\">2<sup>\u00e8me<\/sup><\/td><td class=\"has-text-align-center\" data-align=\"center\">2<sup>\u00e8me<\/sup><\/td><\/tr><tr><td class=\"has-text-align-center\" data-align=\"center\"><em>Bouteille de champagne &#8220;Ab\u00e9l\u00e9 1757&#8221;<br>Balles de golf<\/em><\/td><td class=\"has-text-align-center\" data-align=\"center\"><em>Bouteille de champagne &#8220;Ab\u00e9l\u00e9 1757&#8221;<br>Balles de golf<\/em><\/td><\/tr><\/tbody><\/table><\/figure>\n\n\n\n<figure class=\"wp-block-table aligncenter\"><table><tbody><tr><td class=\"has-text-align-center\" data-align=\"center\"><strong>Tirage au sort<\/strong><\/td><\/tr><tr><td class=\"has-text-align-center\" data-align=\"center\">1<sup>er<\/sup> Prix<\/td><\/tr><tr><td class=\"has-text-align-center\" data-align=\"center\">&#8220;Escale &amp; Swing&#8221; valable dans tous les &#8220;H\u00f4tels <em>Barri\u00e8re<\/em>&#8220;<\/td><\/tr><tr><td class=\"has-text-align-center\" data-align=\"center\">2<sup>\u00e8me<\/sup> Prix<\/td><\/tr><tr><td class=\"has-text-align-center\" data-align=\"center\"><em>1 repas pour 2 personnes au restaurant &#8220;Le Magnolias&#8221;<\/em><\/td><\/tr><tr><td class=\"has-text-align-center\" data-align=\"center\">3<sup>\u00e8me<\/sup> Prix<\/td><\/tr><tr><td class=\"has-text-align-center\" data-align=\"center\"><em><em>1 repas pour 2 personnes au restaurant &#8220;Le Ch\u00e2teau des Iles&#8221;<\/em><\/em><\/td><\/tr><tr><td class=\"has-text-align-center\" data-align=\"center\">4<sup>\u00e8me<\/sup> Prix<\/td><\/tr><tr><td class=\"has-text-align-center\" data-align=\"center\"><em><em>Bouteille de champagne <\/em><\/em><\/td><\/tr><tr><td class=\"has-text-align-center\" data-align=\"center\">5<sup>\u00e8me<\/sup> Prix<em><\/em><\/td><\/tr><tr><td class=\"has-text-align-center\" data-align=\"center\"><em>Bouteille de champagne <\/em><\/td><\/tr><tr><td class=\"has-text-align-center\" data-align=\"center\">6<sup>\u00e8me<\/sup> Prix<\/td><\/tr><tr><td class=\"has-text-align-center\" data-align=\"center\"><em>Bouteille de champagne <\/em><\/td><\/tr><\/tbody><\/table><\/figure>\n\n\n\n<div class=\"wp-block-buttons is-content-justification-center is-layout-flex wp-container-core-buttons-is-layout-16018d1d wp-block-buttons-is-layout-flex\">\n<div class=\"wp-block-button\"><a class=\"wp-block-button__link wp-element-button\" href=\"https:\/\/kingprestigegolf.com\/index.php\/inscription\/\">S&#8217;inscrire \u00e0 l&#8217;Open King Prestige<\/a><\/div>\n<\/div>\n\n\n\n<p>*La liste d\u00e9finitive des dotations sera mise \u00e0 jour 48H environ avant l&#8217;\u00e9v\u00e9nement. <\/p>\n\n\n\n<p><\/p>\n","protected":false},"excerpt":{"rendered":"<p>Classement Brut 1er Brut mixte Troph\u00e9e Open King Prestige 1er Brut (Homme) 1\u00e8re Brut (Femme) Coupe individuelleBouteille de champagne &#8220;Ab\u00e9l\u00e9 1757&#8221;Tapis de putting et d&#8217;entrainement &#8220;Wellputt&#8221; Coupe individuelleBouteille de champagne &#8220;Ab\u00e9l\u00e9 1757&#8221;Tapis de putting et d&#8217;entrainement &#8220;Wellputt&#8221;t Classement Net Homme [&hellip;]<\/p>\n","protected":false},"author":1,"featured_media":0,"parent":0,"menu_order":0,"comment_status":"closed","ping_status":"closed","template":"","meta":{"footnotes":""},"class_list":["post-232","page","type-page","status-publish","hentry"],"_links":{"self":[{"href":"https:\/\/kingprestigegolf.com\/index.php\/wp-json\/wp\/v2\/pages\/232","targetHints":{"allow":["GET"]}}],"collection":[{"href":"https:\/\/kingprestigegolf.com\/index.php\/wp-json\/wp\/v2\/pages"}],"about":[{"href":"https:\/\/kingprestigegolf.com\/index.php\/wp-json\/wp\/v2\/types\/page"}],"author":[{"embeddable":true,"href":"https:\/\/kingprestigegolf.com\/index.php\/wp-json\/wp\/v2\/users\/1"}],"replies":[{"embeddable":true,"href":"https:\/\/kingprestigegolf.com\/index.php\/wp-json\/wp\/v2\/comments?post=232"}],"version-history":[{"count":8,"href":"https:\/\/kingprestigegolf.com\/index.php\/wp-json\/wp\/v2\/pages\/232\/revisions"}],"predecessor-version":[{"id":436,"href":"https:\/\/kingprestigegolf.com\/index.php\/wp-json\/wp\/v2\/pages\/232\/revisions\/436"}],"wp:attachment":[{"href":"https:\/\/kingprestigegolf.com\/index.php\/wp-json\/wp\/v2\/media?parent=232"}],"curies":[{"name":"wp","href":"https:\/\/api.w.org\/{rel}","templated":true}]}}